{"id":1439,"date":"2024-09-03T05:44:31","date_gmt":"2024-09-03T05:44:31","guid":{"rendered":"https:\/\/anandasafari.com\/ueber\/"},"modified":"2024-09-12T01:52:18","modified_gmt":"2024-09-12T01:52:18","slug":"ueber","status":"publish","type":"page","link":"https:\/\/anandasafari.com\/de\/ueber\/","title":{"rendered":"\u00dcber mich"},"content":{"rendered":"\t\t<div data-elementor-type=\"wp-page\" data-elementor-id=\"1439\" class=\"elementor elementor-1439 elementor-315\" data-elementor-post-type=\"page\">\n\t\t\t\t<div class=\"elementor-element elementor-element-dcf361a e-flex e-con-boxed e-con e-parent\" data-id=\"dcf361a\" data-element_type=\"container\" data-e-type=\"container\">\n\t\t\t\t\t<div class=\"e-con-inner\">\n\t\t\t\t<div class=\"elementor-element elementor-element-81edacc elementor-widget elementor-widget-slider_revolution\" data-id=\"81edacc\" data-element_type=\"widget\" data-e-type=\"widget\" data-widget_type=\"slider_revolution.default\">\n\t\t\t\t<div class=\"elementor-widget-container\">\n\t\t\t\t\t\n\t\t<div class=\"wp-block-themepunch-revslider\">\n\t\t\t\t<p class=\"rs-p-wp-fix\"><\/p>\n\t\t\t\t<sr7-module data-alias=\"slider-3\" data-id=\"8\" id=\"SR7_8_1\" class=\"rs-ov-hidden\" data-version=\"6.7.13\">\n\t\t\t\t\t<sr7-adjuster><\/sr7-adjuster>\n\t\t\t\t\t<sr7-content>\n\t\t\t\t\t\t<sr7-slide id=\"SR7_8_1-15\" data-key=\"15\">\n\t\t\t\t\t\t\t<sr7-bg id=\"SR7_8_1-15-1\" class=\"sr7-layer\"><noscript><img decoding=\"async\" src=\"https:\/\/anandasafari.com\/wp-content\/uploads\/2024\/09\/About_Titel-scaled.jpg\" alt=\"\" title=\"About_Ananda Geissberger Titel\"><\/noscript><\/sr7-bg>\n\t\t\t\t\t\t<\/sr7-slide>\n\t\t\t\t\t\t<sr7-slide id=\"SR7_8_1-16\" data-key=\"16\">\n\t\t\t\t\t\t<\/sr7-slide>\n\t\t\t\t\t<\/sr7-content>\n\t\t\t\t\t<image_lists style=\"display:none\">\n\t\t\t\t\t\t<img data-src=\"\/\/anandasafari.com\/wp-content\/uploads\/2024\/09\/About_Titel-scaled.jpg\" data-libid=\"729\" data-lib=\"medialibrary\" title=\"About_Ananda Geissberger Titel\" width=\"0\" height=\"0\" data-dbsrc=\"Ly9hbmFuZGFzYWZhcmkuY29tL3dwLWNvbnRlbnQvdXBsb2Fkcy8yMDI0LzA5L0Fib3V0X1RpdGVsLXNjYWxlZC5qcGc=\"\/>\n\t\t\t\t\t<\/image_lists>\n\t\t\t\t<\/sr7-module>\n\t\t\t\t<script>\n\t\t\t\t\tSR7.PMH ??={}; SR7.PMH[\"SR7_8_1\"] = {cn:0,state:false,fn: function() { if (_tpt!==undefined && _tpt.prepareModuleHeight !== undefined) {  _tpt.prepareModuleHeight({id:\"SR7_8_1\",el:[800,800,768,960,720],type:'standard',shdw:'0',gh:[800,800,768,960,720],gw:[1240,1240,1024,778,480],vpt:['100px&#039;,&#039;100px&#039;,&#039;100px&#039;,&#039;100px&#039;,&#039;100px'],size:{fullWidth:true, fullHeight:false},mh:'0',onh:0,onw:0,bg:{color:'{\"orig\":\"transparent\",\"type\":\"solid\",\"string\":\"transparent\"}'}});   SR7.PMH[\"SR7_8_1\"].state=true;} else if((SR7.PMH[\"SR7_8_1\"].cn++)<100)\tsetTimeout( SR7.PMH[\"SR7_8_1\"].fn,19);}};SR7.PMH[\"SR7_8_1\" ].fn();\n\t\t\t\t<\/script>\n<\/div>\n\n\t\t\t\t\t\t<\/div>\n\t\t\t\t<\/div>\n\t\t\t\t\t<\/div>\n\t\t\t\t<\/div>\n\t\t<div class=\"elementor-element elementor-element-7d5cd75 e-flex e-con-boxed e-con e-parent\" data-id=\"7d5cd75\" data-element_type=\"container\" data-e-type=\"container\" data-settings=\"{&quot;background_background&quot;:&quot;classic&quot;}\">\n\t\t\t\t\t<div class=\"e-con-inner\">\n\t\t\t\t<div class=\"elementor-element elementor-element-935a0b0 elementor-widget__width-initial elementor-widget elementor-widget-text-editor\" data-id=\"935a0b0\" data-element_type=\"widget\" data-e-type=\"widget\" data-widget_type=\"text-editor.default\">\n\t\t\t\t<div class=\"elementor-widget-container\">\n\t\t\t\t\t\t\t\t\t<p class=\"p1\">Hallo, ich bin Ananda, ein zertifizierter Safari-Guide, Afrika-Kenner und leidenschaftlicher Wildlife-Fotograf mit einer fast obsessiven Begeisterung f\u00fcr Afrika im Allgemeinen. Meine umfangreichen Reisen \u00fcber den Kontinent haben mich in seine reiche Geschichte, vielf\u00e4ltigen Kulturen und atemberaubenden Landschaften eintauchen lassen. Als Guide dr\u00fccke ich meine Leidenschaft f\u00fcr die Natur aus und schaffe unvergessliche Safari-Erlebnisse in Afrikas unber\u00fchrter Wildnis.  <\/p>\n<p class=\"p1\">M\u00f6chten Sie mehr erfahren?<\/p>\n\t\t\t\t\t\t\t\t<\/div>\n\t\t\t\t<\/div>\n\t\t\t\t\t<\/div>\n\t\t\t\t<\/div>\n\t\t<div class=\"elementor-element elementor-element-1acca4a e-con-full e-flex e-con e-parent\" data-id=\"1acca4a\" data-element_type=\"container\" data-e-type=\"container\">\n\t\t<div data-dce-background-image-url=\"https:\/\/anandasafari.com\/wp-content\/uploads\/2024\/09\/DSC02730-scaled.jpg\" class=\"elementor-element elementor-element-9f024bb e-con-full e-flex e-con e-child\" data-id=\"9f024bb\" data-element_type=\"container\" data-e-type=\"container\" data-settings=\"{&quot;background_background&quot;:&quot;classic&quot;}\">\n\t\t\t\t<\/div>\n\t\t<div class=\"elementor-element elementor-element-6cab0fd e-con-full e-flex e-con e-child\" data-id=\"6cab0fd\" data-element_type=\"container\" data-e-type=\"container\">\n\t\t\t\t<div class=\"elementor-element elementor-element-cdce850 elementor-widget elementor-widget-heading\" data-id=\"cdce850\" data-element_type=\"widget\" data-e-type=\"widget\" data-widget_type=\"heading.default\">\n\t\t\t\t<div class=\"elementor-widget-container\">\n\t\t\t\t\t<h2 class=\"elementor-heading-title elementor-size-default\">Ich &amp; Safari<\/h2>\t\t\t\t<\/div>\n\t\t\t\t<\/div>\n\t\t\t\t<div class=\"elementor-element elementor-element-2233dd3 elementor-widget elementor-widget-spacer\" data-id=\"2233dd3\" data-element_type=\"widget\" data-e-type=\"widget\" data-widget_type=\"spacer.default\">\n\t\t\t\t<div class=\"elementor-widget-container\">\n\t\t\t\t\t\t\t<div class=\"elementor-spacer\">\n\t\t\t<div class=\"elementor-spacer-inner\"><\/div>\n\t\t<\/div>\n\t\t\t\t\t\t<\/div>\n\t\t\t\t<\/div>\n\t\t\t\t<div class=\"elementor-element elementor-element-84b0f18 elementor-widget elementor-widget-text-editor\" data-id=\"84b0f18\" data-element_type=\"widget\" data-e-type=\"widget\" data-widget_type=\"text-editor.default\">\n\t\t\t\t<div class=\"elementor-widget-container\">\n\t\t\t\t\t\t\t\t\t<p class=\"p1\">Geboren und aufgewachsen in den abgelegenen W\u00e4ldern der Schweiz, entdeckte ich schnell die Magie, die sich nur in unber\u00fchrten Naturr\u00e4umen entfalten kann. Doch wann immer ich meine Gro\u00dfmutter besuchte, verbrachte ich Stunden vor ihrem Fernseher (wir hatten keinen), fasziniert von Dokumentationen \u00fcber die afrikanische Wildnis. Die scheinbar endlose Tierwelt und die unber\u00fchrten Landschaften entfachten eine Faszination, die mein Leben Jahre sp\u00e4ter ver\u00e4ndern sollte. Dieser fr\u00fche Eindruck entfachte einen lebenslangen Traum, Ranger zu werden \u2013 ein Traum, der beinahe in Erf\u00fcllung ging.   <\/p>\n<p class=\"p1\">Seit meinem jungen Alter reise ich durch Afrika und habe umfangreiche Zeit in \u00fcber 35 Nationalparks in 19 L\u00e4ndern verbracht. Meine Wertsch\u00e4tzung f\u00fcr die vielf\u00e4ltige Natur des Kontinents ist mit jedem Besuch gewachsen. Meine letzten Afrikareisen, die von Addis Abeba nach Kapstadt f\u00fchrten, festigten meine Entscheidung, ein Safari-Guide-Zertifikat zu erwerben. Ich betrachte mich als gl\u00fccklich, meinen Traum zu leben, und sehe es als das gr\u00f6\u00dfte Privileg, andere \u2013 einschlie\u00dflich Ihnen \u2013 durch das magische Afrika zu f\u00fchren.   <\/p>\n\t\t\t\t\t\t\t\t<\/div>\n\t\t\t\t<\/div>\n\t\t\t\t<\/div>\n\t\t\t\t<\/div>\n\t\t<div class=\"elementor-element elementor-element-01ac237 e-con-full e-flex e-con e-parent\" data-id=\"01ac237\" data-element_type=\"container\" data-e-type=\"container\">\n\t\t<div class=\"elementor-element elementor-element-fca85c2 e-con-full e-flex e-con e-child\" data-id=\"fca85c2\" data-element_type=\"container\" data-e-type=\"container\">\n\t\t\t\t<div class=\"elementor-element elementor-element-0218002 elementor-widget elementor-widget-heading\" data-id=\"0218002\" data-element_type=\"widget\" data-e-type=\"widget\" data-widget_type=\"heading.default\">\n\t\t\t\t<div class=\"elementor-widget-container\">\n\t\t\t\t\t<h2 class=\"elementor-heading-title elementor-size-default\">Der Afrika-Kenner<\/h2>\t\t\t\t<\/div>\n\t\t\t\t<\/div>\n\t\t\t\t<div class=\"elementor-element elementor-element-43e0297 elementor-widget elementor-widget-spacer\" data-id=\"43e0297\" data-element_type=\"widget\" data-e-type=\"widget\" data-widget_type=\"spacer.default\">\n\t\t\t\t<div class=\"elementor-widget-container\">\n\t\t\t\t\t\t\t<div class=\"elementor-spacer\">\n\t\t\t<div class=\"elementor-spacer-inner\"><\/div>\n\t\t<\/div>\n\t\t\t\t\t\t<\/div>\n\t\t\t\t<\/div>\n\t\t\t\t<div class=\"elementor-element elementor-element-2b78d4d elementor-widget elementor-widget-text-editor\" data-id=\"2b78d4d\" data-element_type=\"widget\" data-e-type=\"widget\" data-widget_type=\"text-editor.default\">\n\t\t\t\t<div class=\"elementor-widget-container\">\n\t\t\t\t\t\t\t\t\t<p class=\"p1\">Meine Faszination f\u00fcr unseren Nachbar-Kontinent, erstreckt sich auf \u00fcber 25 Jahre, in denen ich versucht habe, ein tieferes Verst\u00e4ndnis f\u00fcr seine reiche Geschichte, vielf\u00e4ltigen Kulturen, komplexe Politik und unermessliche Geografie zu gewinnen.<\/p>\n<p class=\"p1\">Die Faszination vertiefte sich damals im Alter von 13 Jahren, bei meiner ersten Safari in Kenia. Gleichzeitig begann ich afrikanische Schlaginstrumente in der Schweiz und sp\u00e4ter in Westafrika zu studieren. Um meinen Horizont etwas zu erweitern, lertne ich in Ostafrika die Grundlagen von lokalen Sprachen. Seit 2004 organisiere ich Themenveranstaltungen mit Bezug zu Afrika sowohl in der Schweiz als auch in verschiedenen afrikanischen L\u00e4ndern und tauchte immer wieder in die endlose und vibrierende Kulturszene ein.   <\/p>\n<p class=\"p1\">Seitdem hatte ich das Privileg, weit \u00fcber 1000 Konzerte zu kuratieren, haupts\u00e4chlich mit Gruppen aus Afrika oder mit afrikanischen Wurzeln, in meinem eigenen Veranstaltungszentrum und anderen Locations. Bis vor Kurzem leitete ich eines der gr\u00f6\u00dften afrikanischen Musikfestivals Europas, das j\u00e4hrlich 70.000 Besucher anlockte. Diese vielf\u00e4ltigen Erfahrungen haben mein Verst\u00e4ndnis des reichen kulturellen Geflechts in Afrikas 54 L\u00e4ndern erheblich vertieft.  <\/p>\n<p class=\"p1\">Die vielen Jahre in diesem Kulturfeld haben auch mein Verst\u00e4ndnis f\u00fcr lokale Br\u00e4uche und Traditionen verfeinert. Wussten sie, dass Afrika \u00fcber 3.000 verschiedene St\u00e4mme und unz\u00e4hlige Kulturen beherbergt, von denen jede ihre eigenen reichen Traditionen und Praktiken hat. <\/p>\n<p class=\"p1\">Die Erfahrungen, die ich gesammelt habe, erlauben mir es kulturelle Angelegenheiten mit Sensibilit\u00e4t und Respekt zu navigieren und somit positive Interaktionen zwischen G\u00e4sten und lokalen Gemeinschaften zu f\u00f6rdern.<\/p>\n<p class=\"p1\">Als Eventmanager habe ich 20 Jahre lang ge\u00fcbt, reibungslose und gut koordinierte Erlebnisse zu gew\u00e4hrleisten. Und ein weiteres cooles Feature von Ananda Safaris ist, dass ich dank meinem internationales Netzwerk immer \u00fcber aktuelle Ereignisse wie Festivals, traditionelle Happenings und andere Besonderheiten informiert bin. <\/p>\n\t\t\t\t\t\t\t\t<\/div>\n\t\t\t\t<\/div>\n\t\t\t\t<\/div>\n\t\t<div data-dce-background-image-url=\"https:\/\/anandasafari.com\/wp-content\/uploads\/2024\/09\/DSC05187-scaled.jpg\" class=\"elementor-element elementor-element-ea4deac e-con-full e-flex e-con e-child\" data-id=\"ea4deac\" data-element_type=\"container\" data-e-type=\"container\" data-settings=\"{&quot;background_background&quot;:&quot;classic&quot;}\">\n\t\t\t\t<\/div>\n\t\t\t\t<\/div>\n\t\t<div class=\"elementor-element elementor-element-3e94a9d e-con-full e-flex e-con e-parent\" data-id=\"3e94a9d\" data-element_type=\"container\" data-e-type=\"container\">\n\t\t<div data-dce-background-image-url=\"https:\/\/anandasafari.com\/wp-content\/uploads\/2024\/08\/DSC01650-scaled.jpg\" class=\"elementor-element elementor-element-0545f77 e-con-full e-flex e-con e-child\" data-id=\"0545f77\" data-element_type=\"container\" data-e-type=\"container\" data-settings=\"{&quot;background_background&quot;:&quot;classic&quot;}\">\n\t\t\t\t<\/div>\n\t\t<div class=\"elementor-element elementor-element-b0e0531 e-con-full e-flex e-con e-child\" data-id=\"b0e0531\" data-element_type=\"container\" data-e-type=\"container\">\n\t\t\t\t<div class=\"elementor-element elementor-element-0825817 elementor-widget elementor-widget-heading\" data-id=\"0825817\" data-element_type=\"widget\" data-e-type=\"widget\" data-widget_type=\"heading.default\">\n\t\t\t\t<div class=\"elementor-widget-container\">\n\t\t\t\t\t<h2 class=\"elementor-heading-title elementor-size-default\">Der Fotograf<\/h2>\t\t\t\t<\/div>\n\t\t\t\t<\/div>\n\t\t\t\t<div class=\"elementor-element elementor-element-c24ed2f elementor-widget elementor-widget-spacer\" data-id=\"c24ed2f\" data-element_type=\"widget\" data-e-type=\"widget\" data-widget_type=\"spacer.default\">\n\t\t\t\t<div class=\"elementor-widget-container\">\n\t\t\t\t\t\t\t<div class=\"elementor-spacer\">\n\t\t\t<div class=\"elementor-spacer-inner\"><\/div>\n\t\t<\/div>\n\t\t\t\t\t\t<\/div>\n\t\t\t\t<\/div>\n\t\t\t\t<div class=\"elementor-element elementor-element-4e1c6d0 elementor-widget elementor-widget-text-editor\" data-id=\"4e1c6d0\" data-element_type=\"widget\" data-e-type=\"widget\" data-widget_type=\"text-editor.default\">\n\t\t\t\t<div class=\"elementor-widget-container\">\n\t\t\t\t\t\t\t\t\t<p class=\"p1\">Obwohl ich schon in jungen Jahren anfing, Wildtiere zu fotografieren und meine F\u00e4higkeiten nach der Kunstschule verfeinerte, begann ich erst im Jahr 2011, die Fotografie ernsthaft zu verfolgen. Aber ich muss auch zugeben, dass es Phasen gab, in denen ich meine Kamera einfach zu Hause lie\u00df, gerne auch f\u00fcr ganze Afrika-Reisen. Denn ich denke, manchmal vergessen wir, dass die besten Erinnerungen die sind, die wir in uns tragen. Die Wildnis frei von Ablenkungen zu geniessen, schafft Momente, die sich in unser Herz einpr\u00e4gen und einen besonderen Platz einnehmen, den niemand jemals wegnehmen kann.   <\/p>\n<p class=\"p1\">Nichtsdestotrotz bringt die Wildtierfotografie viele Dimensionen mit sich, die ein Wildnis Erlebnis wirklich bereichern k\u00f6nnen und dar\u00fcber hinaus auch zu Naturschutz- und Erhaltungsbem\u00fchungen beitragen. Ich liebe es, unz\u00e4hlige Stunden entweder im Auto oder, vorzugsweise, zu Fu\u00df durch die Savanne schlendernd, mit meinen Kameras zu verbringen. <\/p>\n<p class=\"p1\">Fotografie ist zu einem meiner gr\u00f6\u00dften Lehrer geworden, der mir immer wieder die Tugenden der Geduld, der Aufmerksamkeit und generell eine tiefere Verbindung zur Natur vermittelt. Es geht nicht nur darum, dass wir Fotografen in diesen Momenten alle Sinne aktivieren, sondern auch darum, das Verhalten der Tiere geduldiger und bewusster zu beobachten, die Situation zu interpretieren, um dann den perfekten Moment einfangen zu k\u00f6nnen. Ich denke, dass die Zeit, die man mit solcher Hingabe in der Natur verbringt, einen von einem blo\u00dfen Betrachter zu einem Bestandteil der nat\u00fcrlichen Welt verwandelt.  <\/p>\n\t\t\t\t\t\t\t\t<\/div>\n\t\t\t\t<\/div>\n\t\t\t\t<div class=\"elementor-element elementor-element-d6b1504 elementor-widget elementor-widget-text-editor\" data-id=\"d6b1504\" data-element_type=\"widget\" data-e-type=\"widget\" data-widget_type=\"text-editor.default\">\n\t\t\t\t<div class=\"elementor-widget-container\">\n\t\t\t\t\t\t\t\t\t<p class=\"p1\"><strong>Zum Equipment:<\/strong> Wann immer ich kann, reise ich mit 3-4 Kamerageh\u00e4usen und einem Satz von Objektiven, die von 14mm f\/1.8 bis 600mm f\/4 reichen. So kann ich verschiedene Setups f\u00fcr jede Situation bereithalten. <\/p>\n\t\t\t\t\t\t\t\t<\/div>\n\t\t\t\t<\/div>\n\t\t\t\t<\/div>\n\t\t\t\t<\/div>\n\t\t\t\t<\/div>\n\t\t","protected":false},"excerpt":{"rendered":"<p>Hallo, ich bin Ananda, ein zertifizierter Safari-Guide, Afrika-Kenner und leidenschaftlicher Wildlife-Fotograf mit einer fast obsessiven Begeisterung f\u00fcr Afrika im Allgemeinen. Meine umfangreichen Reisen \u00fcber den Kontinent haben mich in seine reiche Geschichte, vielf\u00e4ltigen Kulturen und atemberaubenden Landschaften eintauchen lassen. Als Guide dr\u00fccke ich meine Leidenschaft f\u00fcr die Natur aus und schaffe unvergessliche Safari-Erlebnisse in Afrikas [&hellip;]<\/p>\n","protected":false},"author":1,"featured_media":0,"parent":0,"menu_order":0,"comment_status":"closed","ping_status":"closed","template":"elementor_header_footer","meta":{"_coblocks_attr":"","_coblocks_dimensions":"","_coblocks_responsive_height":"","_coblocks_accordion_ie_support":"","footnotes":""},"class_list":["post-1439","page","type-page","status-publish","hentry"],"_links":{"self":[{"href":"https:\/\/anandasafari.com\/de\/wp-json\/wp\/v2\/pages\/1439","targetHints":{"allow":["GET"]}}],"collection":[{"href":"https:\/\/anandasafari.com\/de\/wp-json\/wp\/v2\/pages"}],"about":[{"href":"https:\/\/anandasafari.com\/de\/wp-json\/wp\/v2\/types\/page"}],"author":[{"embeddable":true,"href":"https:\/\/anandasafari.com\/de\/wp-json\/wp\/v2\/users\/1"}],"replies":[{"embeddable":true,"href":"https:\/\/anandasafari.com\/de\/wp-json\/wp\/v2\/comments?post=1439"}],"version-history":[{"count":4,"href":"https:\/\/anandasafari.com\/de\/wp-json\/wp\/v2\/pages\/1439\/revisions"}],"predecessor-version":[{"id":1457,"href":"https:\/\/anandasafari.com\/de\/wp-json\/wp\/v2\/pages\/1439\/revisions\/1457"}],"wp:attachment":[{"href":"https:\/\/anandasafari.com\/de\/wp-json\/wp\/v2\/media?parent=1439"}],"curies":[{"name":"wp","href":"https:\/\/api.w.org\/{rel}","templated":true}]}}